{"id":1189,"date":"2018-05-05T12:04:03","date_gmt":"2018-05-05T15:04:03","guid":{"rendered":"https:\/\/msestudio.com.ar\/inmobiliaria\/?page_id=1189"},"modified":"2025-10-18T07:08:50","modified_gmt":"2025-10-18T10:08:50","slug":"quienes-somos","status":"publish","type":"page","link":"https:\/\/msestudio.com.ar\/inmobiliaria\/quienes-somos\/","title":{"rendered":"Quienes Somos"},"content":{"rendered":"<p>El <strong>Estudio Jur\u00eddico e Inmobiliaria Mart\u00ednez Salcovsky<\/strong> <strong>(MS Estudio)<\/strong> nace de un conjunto de sue\u00f1os y proyectos que se ven\u00edan planeando hace a\u00f1os de forma individual, y que por el destino y esas vueltas que tiene la vida nos junt\u00f3 en esta hermosa ciudad de Puerto Madryn, donde estamos haci\u00e9ndolos realidad.<\/p>\n<p>El estudio est\u00e1 conformado por <strong>Luis Juli\u00e1n Mart\u00ednez<\/strong> <strong>(Abogado Matriculado)<\/strong> oriundo de Mar del Plata y <strong>Gast\u00f3n Maximiliano Salcovsky<\/strong> <strong>(Martillero y Corredor Inmobiliario Matriculado)<\/strong> nacido en San Mart\u00edn, tambi\u00e9n Provincia de Buenos Aires.<\/p>\n<p><img fetchpriority=\"high\" decoding=\"async\" class=\"wp-image-1190 size-full aligncenter\" src=\"https:\/\/msestudio.com.ar\/inmobiliaria\/wp-content\/uploads\/2018\/05\/estudio_juridico_inmobiliaria_puerto_madryn_chubut_MS.jpg\" alt=\"Estudio Juridico Inmobiliaria Puerto Madryn Chubut MS Estudio\" width=\"800\" height=\"466\" srcset=\"https:\/\/msestudio.com.ar\/inmobiliaria\/wp-content\/uploads\/2018\/05\/estudio_juridico_inmobiliaria_puerto_madryn_chubut_MS.jpg 800w, https:\/\/msestudio.com.ar\/inmobiliaria\/wp-content\/uploads\/2018\/05\/estudio_juridico_inmobiliaria_puerto_madryn_chubut_MS-300x175.jpg 300w, https:\/\/msestudio.com.ar\/inmobiliaria\/wp-content\/uploads\/2018\/05\/estudio_juridico_inmobiliaria_puerto_madryn_chubut_MS-768x447.jpg 768w, https:\/\/msestudio.com.ar\/inmobiliaria\/wp-content\/uploads\/2018\/05\/estudio_juridico_inmobiliaria_puerto_madryn_chubut_MS-150x87.jpg 150w\" sizes=\"(max-width: 800px) 100vw, 800px\" \/><\/p>\n<p>Nuestra intenci\u00f3n es brindar un servicio diferente, un servicio con\u00a0 respaldo y una atenci\u00f3n personalizada, que d\u00e9 la tranquilidad de que todo se encuentra protegido, abarcando nuestros servicios, la celebraci\u00f3n de todas las formas de contratos, asegur\u00e1ndonos su correcta ejecuci\u00f3n (para ambas partes) y persiguiendo todo incumplimiento.<\/p>\n<p>En la parte Inmobiliaria ofrecemos los servicios de Tasaciones, Alquiler y Venta de propiedades de toda la Provincia del Chubut, Administraci\u00f3n de alquileres y de Consorcios. Proyectos de inversi\u00f3n como ventas al pozo y loteos.<br \/>\nTambi\u00e9n contamos con un servicio de Alquileres Temporarios de departamentos de categor\u00eda amoblados en la Ciudad Aut\u00f3noma de Buenos Aires, ideales para estudiantes, viajes de ocio o tratamientos m\u00e9dicos.<\/p>\n<p>Desde la parte Jur\u00eddica, se brinda un amplio asesoramiento sobre cuestiones laborales y de familia, despidos, accidentes de trabajo, ART, enfermedades laborales, sucesiones, divorcios, jubilaciones y un servicio especial para empresas de revisi\u00f3n de contratos.<\/p>\n<p>Por el amor a estas profesiones es que decidimos crear un lugar que a\u00fane el conocimiento en el \u00e1rea de negocios inmobiliarios y el conocimiento legal, servicios que se complementan y articulan mutuamente lo cual no permite lograr dar seguridad en cada operaci\u00f3n que se lleve a cabo, confiando en que cada persona que se siente a compartir un momento con nosotros, pueda traernos sus metas, sus objetivos, sus proyectos y salga con la seguridad de que su sue\u00f1o ser\u00e1 cumplido y que suceda lo que suceda en el camino contar\u00e1 con el respaldo necesario para afrontarlo.<\/p>\n<p>Los invitamos a visitarnos en nuestras oficinas que se encuentran en<strong> Av.Julio A. Roca 1569,\u00a0 Puerto Madryn Chubut.<\/strong><\/p>\n","protected":false},"excerpt":{"rendered":"<p>El Estudio Jur\u00eddico e Inmobiliaria Mart\u00ednez Salcovsky (MS Estudio) nace de un conjunto de sue\u00f1os y proyectos que se ven\u00edan planeando hace a\u00f1os de forma individual, y que por el destino y esas vueltas que tiene la vida nos junt\u00f3 en esta hermosa ciudad de Puerto Madryn, donde estamos haci\u00e9ndolos realidad. El estudio est\u00e1 conformado&#8230;<\/p>\n","protected":false},"author":1,"featured_media":0,"parent":0,"menu_order":0,"comment_status":"closed","ping_status":"closed","template":"","meta":{"_joinchat":[],"footnotes":""},"class_list":["post-1189","page","type-page","status-publish","hentry"],"_links":{"self":[{"href":"https:\/\/msestudio.com.ar\/inmobiliaria\/wp-json\/wp\/v2\/pages\/1189","targetHints":{"allow":["GET"]}}],"collection":[{"href":"https:\/\/msestudio.com.ar\/inmobiliaria\/wp-json\/wp\/v2\/pages"}],"about":[{"href":"https:\/\/msestudio.com.ar\/inmobiliaria\/wp-json\/wp\/v2\/types\/page"}],"author":[{"embeddable":true,"href":"https:\/\/msestudio.com.ar\/inmobiliaria\/wp-json\/wp\/v2\/users\/1"}],"replies":[{"embeddable":true,"href":"https:\/\/msestudio.com.ar\/inmobiliaria\/wp-json\/wp\/v2\/comments?post=1189"}],"version-history":[{"count":4,"href":"https:\/\/msestudio.com.ar\/inmobiliaria\/wp-json\/wp\/v2\/pages\/1189\/revisions"}],"predecessor-version":[{"id":5302,"href":"https:\/\/msestudio.com.ar\/inmobiliaria\/wp-json\/wp\/v2\/pages\/1189\/revisions\/5302"}],"wp:attachment":[{"href":"https:\/\/msestudio.com.ar\/inmobiliaria\/wp-json\/wp\/v2\/media?parent=1189"}],"curies":[{"name":"wp","href":"https:\/\/api.w.org\/{rel}","templated":true}]}}